{"id":410,"date":"2026-01-30T03:21:54","date_gmt":"2026-01-30T03:21:54","guid":{"rendered":"https:\/\/cooperadorapelle.org.ar\/palacio\/?page_id=410"},"modified":"2026-02-03T03:08:46","modified_gmt":"2026-02-03T03:08:46","slug":"historia-correlatividades","status":"publish","type":"page","link":"https:\/\/cooperadorapelle.org.ar\/palacio\/index.php\/historia\/historia-correlatividades\/","title":{"rendered":"Historia Correlatividades"},"content":{"rendered":"<div class=\"et_pb_section_0 et_pb_section et_section_regular et_block_section\">\n<div class=\"et_pb_row_0 et_pb_row et_pb_equal_columns et_pb_gutters3 et_block_row\">\n<div class=\"et_pb_column_0 et_pb_column et_pb_column_1_2 et_block_column et_pb_css_mix_blend_mode_passthrough\">\n<div class=\"et_pb_text_0 et_pb_text et_pb_bg_layout_dark et_pb_module et_block_module\"><div class=\"et_pb_text_inner\"><h1>Historia<\/h1>\n<\/div><\/div>\n<\/div>\n\n<div class=\"et_pb_column_1 et_pb_column et_pb_column_1_2 et-last-child et_block_column et_pb_css_mix_blend_mode_passthrough\">\n<div class=\"et_pb_module et_pb_button_module_wrapper et_pb_button_0_wrapper\"><a class=\"et_pb_button_0 et_pb_button et_pb_bg_layout_light et_pb_module et_block_module\" href=\"\">Inscripci\u00f3n<\/a><\/div>\n<\/div>\n<\/div>\n<\/div>\n\n<div class=\"et_pb_section_1 et_pb_section et_section_regular et_block_section\">\n<div class=\"et_pb_row_1 et_pb_row et_flex_row\">\n<div class=\"et_pb_column_2 et_pb_column et_flex_column et_pb_css_mix_blend_mode_passthrough et_flex_column_6_24 et_flex_column_12_24_tablet et_flex_column_24_24_phone\">\n<div class=\"et_pb_blurb_0 et_pb_blurb et_pb_bg_layout_light et_pb_blurb_position_top et_pb_module et_flex_module\"><div class=\"et_pb_blurb_content et_flex_module\"><div class=\"et_pb_main_blurb_image\"><span class=\"et_pb_image_wrap\"><span class=\"et-pb-icon et-waypoint et_pb_animation_top et_pb_animation_top_tablet et_pb_animation_top_phone\">$<\/span><\/span><\/div><div class=\"et_pb_blurb_container\"><h4 class=\"et_pb_module_header\">Programa<\/h4><\/div><\/div><\/div>\n<\/div>\n\n<div class=\"et_pb_column_3 et_pb_column et_flex_column et_pb_css_mix_blend_mode_passthrough et_flex_column_6_24 et_flex_column_12_24_tablet et_flex_column_24_24_phone\">\n<div class=\"et_pb_blurb_1 et_pb_blurb et_pb_bg_layout_light et_pb_blurb_position_top et_pb_module et_flex_module\"><div class=\"et_pb_blurb_content et_flex_module\"><div class=\"et_pb_main_blurb_image\"><span class=\"et_pb_image_wrap\"><span class=\"et-pb-icon et-waypoint et_pb_animation_top et_pb_animation_top_tablet et_pb_animation_top_phone\">$<\/span><\/span><\/div><div class=\"et_pb_blurb_container\"><h4 class=\"et_pb_module_header\">Incumbencias profesionales<\/h4><\/div><\/div><\/div>\n<\/div>\n\n<div class=\"et_pb_column_4 et_pb_column et_flex_column et_pb_css_mix_blend_mode_passthrough et_flex_column_6_24 et_flex_column_12_24_tablet et_flex_column_24_24_phone\">\n<div class=\"et_pb_blurb_2 et_pb_blurb et_pb_bg_layout_light et_pb_blurb_position_top et_pb_module et_flex_module\"><div class=\"et_pb_blurb_content et_flex_module\"><div class=\"et_pb_main_blurb_image\"><span class=\"et_pb_image_wrap\"><span class=\"et-pb-icon et-waypoint et_pb_animation_top et_pb_animation_top_tablet et_pb_animation_top_phone\">$<\/span><\/span><\/div><div class=\"et_pb_blurb_container\"><h4 class=\"et_pb_module_header\">Correlatividades<\/h4><\/div><\/div><\/div>\n<\/div>\n\n<div class=\"et_pb_column_5 et_pb_column et-last-child et_flex_column et_pb_css_mix_blend_mode_passthrough et_flex_column_6_24 et_flex_column_12_24_tablet et_flex_column_24_24_phone\">\n<div class=\"et_pb_blurb_3 et_pb_blurb et_pb_bg_layout_light et_pb_blurb_position_top et_pb_module et_flex_module\"><div class=\"et_pb_blurb_content et_flex_module\"><div class=\"et_pb_main_blurb_image\"><span class=\"et_pb_image_wrap\"><span class=\"et-pb-icon et-waypoint et_pb_animation_top et_pb_animation_top_tablet et_pb_animation_top_phone\">$<\/span><\/span><\/div><div class=\"et_pb_blurb_container\"><h4 class=\"et_pb_module_header\">Aulas y horarios<\/h4><\/div><\/div><\/div>\n<\/div>\n<\/div>\n<\/div>\n\n<div class=\"et_pb_section_2 et_pb_section et_section_regular et_block_section\">\n<div class=\"et_pb_row_2 et_pb_row et_flex_row\">\n<div class=\"et_pb_column_6 et_pb_column et_flex_column et_pb_css_mix_blend_mode_passthrough et_flex_column_18_24 et_flex_column_18_24_tablet et_flex_column_24_24_phone\">\n<div class=\"et_pb_text_1 et_pb_text et_pb_bg_layout_light et_pb_module et_block_module\"><div class=\"et_pb_text_inner\"><p><span style=\"font-weight: 400;\">El Profesorado de Educaci\u00f3n Superior en Historia, que se dicta regularmente en nuestro instituto desde 2003, es un trayecto de formaci\u00f3n que apunta a generar espacios de conocimiento cr\u00edtico en donde los saberes disciplinares se presentan profundamente imbricados con problem\u00e1ticas sociales actuales. Proponemos un recorrido integral en el que la reflexi\u00f3n historiogr\u00e1fica se entrelaza en espacios curriculares espec\u00edficos con preguntas desde la Filosof\u00eda, la Antropolog\u00eda y la Geograf\u00eda. Trazamos un equilibrio entre la Historia y lo did\u00e1ctico-pedag\u00f3gico, como una s\u00edntesis que articula el aprendizaje de los procesos hist\u00f3ricos con un reconocimiento de las herramientas metodol\u00f3gicas de la historiograf\u00eda como oficio que indaga en dichos procesos. Con un \u00e9nfasis puesto en la historia social, las diferentes materias y seminarios apuntan a analizar en cada per\u00edodo procesos hist\u00f3ricos que recuperan la experiencia humana de sectores subalternos, de trabajadores y trabajadoras,\u00a0 campesinos y campesinas y de las mujeres como sujetos de la hist\u00f3ricosoria. Como todoSe trata de un conocimiento es un conocimiento situado y por ello , nuestra curr\u00edcula se organiza alrededor de un eje nodal: la Historia argentina y latinoamericana. Entablamos, adem\u00e1s. v\u00ednculos regulares con los barrios de La Boca y Barracas, \u00e1rea que condensa un entramado hist\u00f3rico-social de organizaci\u00f3n y resistencia popular, sitios arqueol\u00f3gicos coloniales, huellas de la gran inmigraci\u00f3n, la vida fabril que despunt\u00f3 en el siglo XX y los primeros sindicatos que se congregaron en torno a ella. No es un dato menor que el espacio lugar en el que funciona nuestro profesorado atesore a su vez los rastros de la vida pol\u00edtica y social de los primeros y las primeras socialistas del pa\u00eds y tambi\u00e9n dentro de sus filas, las primeras feministas.<\/span><\/p>\n<\/div><\/div>\n<\/div>\n\n<div class=\"et_pb_column_7 et_pb_column et-last-child et_flex_column et_pb_css_mix_blend_mode_passthrough et_flex_column_6_24 et_flex_column_6_24_tablet et_flex_column_24_24_phone\">\n<div class=\"et_pb_text_2 et_pb_text et_pb_bg_layout_light et_pb_module et_flex_module\"><div class=\"et_pb_text_inner\"><h6><strong>T\u00edtulo<\/strong><\/h6>\n<h5>Profesor\/a de Educaci\u00f3n Superior en Historia. Validez nacional.<\/h5>\n<h6><b>Duraci\u00f3n<\/b><\/h6>\n<h5>5 a\u00f1os para ejercer en nivel medio \/ 6 a\u00f1os para ejercer en nivel superior no universitario.<\/h5>\n<h6><b>Modalidad<\/b><\/h6>\n<h5>Presencial.<\/h5>\n<h6><b>Costo<\/b><\/h6>\n<h5>Gratuita.<\/h5>\n<\/div><\/div>\n<\/div>\n<\/div>\n<\/div>\n\n<div class=\"et_pb_section_3 et_pb_section et_section_regular et_block_section\"><\/div>","protected":false},"excerpt":{"rendered":"","protected":false},"author":1,"featured_media":0,"parent":388,"menu_order":0,"comment_status":"closed","ping_status":"closed","template":"","meta":{"footnotes":""},"class_list":["post-410","page","type-page","status-publish","hentry"],"_links":{"self":[{"href":"https:\/\/cooperadorapelle.org.ar\/palacio\/index.php\/wp-json\/wp\/v2\/pages\/410","targetHints":{"allow":["GET"]}}],"collection":[{"href":"https:\/\/cooperadorapelle.org.ar\/palacio\/index.php\/wp-json\/wp\/v2\/pages"}],"about":[{"href":"https:\/\/cooperadorapelle.org.ar\/palacio\/index.php\/wp-json\/wp\/v2\/types\/page"}],"author":[{"embeddable":true,"href":"https:\/\/cooperadorapelle.org.ar\/palacio\/index.php\/wp-json\/wp\/v2\/users\/1"}],"replies":[{"embeddable":true,"href":"https:\/\/cooperadorapelle.org.ar\/palacio\/index.php\/wp-json\/wp\/v2\/comments?post=410"}],"version-history":[{"count":1,"href":"https:\/\/cooperadorapelle.org.ar\/palacio\/index.php\/wp-json\/wp\/v2\/pages\/410\/revisions"}],"predecessor-version":[{"id":446,"href":"https:\/\/cooperadorapelle.org.ar\/palacio\/index.php\/wp-json\/wp\/v2\/pages\/410\/revisions\/446"}],"up":[{"embeddable":true,"href":"https:\/\/cooperadorapelle.org.ar\/palacio\/index.php\/wp-json\/wp\/v2\/pages\/388"}],"wp:attachment":[{"href":"https:\/\/cooperadorapelle.org.ar\/palacio\/index.php\/wp-json\/wp\/v2\/media?parent=410"}],"curies":[{"name":"wp","href":"https:\/\/api.w.org\/{rel}","templated":true}]}}