{"id":423,"date":"2026-01-30T03:21:54","date_gmt":"2026-01-30T03:21:54","guid":{"rendered":"https:\/\/cooperadorapelle.org.ar\/palacio\/?page_id=423"},"modified":"2026-02-04T13:52:38","modified_gmt":"2026-02-04T13:52:38","slug":"comu","status":"publish","type":"page","link":"https:\/\/cooperadorapelle.org.ar\/palacio\/index.php\/comu\/","title":{"rendered":"Comu"},"content":{"rendered":"<div class=\"et_pb_section_0 et_pb_section et_section_regular et_block_section\">\n<div class=\"et_pb_row_0 et_pb_row et_pb_equal_columns et_pb_gutters3 et_block_row\">\n<div class=\"et_pb_column_0 et_pb_column et_pb_column_1_2 et_block_column et_pb_css_mix_blend_mode_passthrough\">\n<div class=\"et_pb_text_0 et_pb_text et_pb_bg_layout_dark et_pb_module et_block_module\"><div class=\"et_pb_text_inner\"><h1>Tecnicatura Superior en Comunicaci\u00f3n Social<\/h1>\n<\/div><\/div>\n<\/div>\n\n<div class=\"et_pb_column_1 et_pb_column et_pb_column_1_2 et-last-child et_block_column et_pb_css_mix_blend_mode_passthrough\">\n<div class=\"et_pb_module et_pb_button_module_wrapper et_pb_button_0_wrapper\"><a class=\"et_pb_button_0 et_pb_button et_pb_bg_layout_light et_pb_module et_block_module\" href=\"\">Inscripci\u00f3n<\/a><\/div>\n<\/div>\n<\/div>\n<\/div>\n\n<div class=\"et_pb_section_1 et_pb_section et_section_regular et_block_section\">\n<div class=\"et_pb_row_1 et_pb_row et_flex_row\">\n<div class=\"et_pb_column_2 et_pb_column et_flex_column et_pb_css_mix_blend_mode_passthrough et_flex_column_18_24 et_flex_column_18_24_tablet et_flex_column_24_24_phone\">\n<div class=\"et_pb_text_1 et_pb_text et_pb_bg_layout_light et_pb_module et_block_module\"><div class=\"et_pb_text_inner\"><p><span style=\"font-weight: 400;\">La Tecnicatura Superior en Comunicaci\u00f3n Social es una iniciativa de formaci\u00f3n terciaria <\/span><span style=\"font-weight: 400;\">impulsada por el Instituto Alfredo Palacios y los medios comunitarios Radio Gr\u00e1fica y Sur Capitalino, de larga trayectoria y arraigo en los barrios del sur de la ciudad. Es una novedosa alternativa de formaci\u00f3n profesional con perspectiva cr\u00edtica y orientada al desarrollo de pr\u00e1cticas comunicacionales y de gesti\u00f3n y producci\u00f3n de medios con inserci\u00f3n territorial y orientados al desarrollo local. Consideramos el ejercicio de la comunicaci\u00f3n social como un derecho humano fundamental, condici\u00f3n necesaria para la interacci\u00f3n social. Las herramientas y las t\u00e9cnicas que sostienen esta disciplina se complementan con las pr\u00e1cticas concretas tendientes a afianzar lazos sociales, construir escenarios de di\u00e1logo y promover una participaci\u00f3n activa de la ciudadan\u00eda en las cuestiones p\u00fablicas. Proponemos una formaci\u00f3n integral que promueva la construcci\u00f3n de las herramientas necesarias para intervenir desde la comunicaci\u00f3n en procesos de desarrollo socio territorial, tanto en el marco de programas estatales como de organizaciones de la sociedad civil, culturales, comunitarias y comerciales. Procuramos promover la confluencia de saberes y habilidades t\u00e9cnicas con el conocimiento amplio, la sensibilidad y la apertura creativa que requiere su desempe\u00f1o y fomentar el trabajo conjunto con otras disciplinas. Quienes egresen de la Tecnicatura podr\u00e1n dise\u00f1ar, planificar e implementar estrategias de comunicaci\u00f3n en entidades p\u00fablicas, privadas y en organizaciones de la sociedad civil; dise\u00f1ar, desarrollar y gestionar medios de comunicaci\u00f3n gr\u00e1fica, radial, de TV, web, canales de streaming y redes sociales, entre otros soportes; producir contenidos period\u00edsticos para distintos medios y analizar narrativas en medios digitales y estrategias de comunicaci\u00f3n en redes. Adem\u00e1s de la cursada presencial, proponemos un intensivo programa de pr\u00e1cticas profesionalizantes en instituciones, organizaciones, centros culturales y medios de distinto tama\u00f1o y formato. El dise\u00f1o curricular de la tecnicatura, que otorga t\u00edtulo oficial de validez nacional, permite validar materias cursadas en otras instituciones a trav\u00e9s de equivalencias tanto como acreditar saberes profesionales que permitan cubrir los contenidos de algunas de sus asignaturas.\u00a0<\/span><\/p>\n<\/div><\/div>\n<\/div>\n\n<div class=\"et_pb_column_3 et_pb_column et-last-child et_flex_column et_pb_css_mix_blend_mode_passthrough et_flex_column_6_24 et_flex_column_6_24_tablet et_flex_column_24_24_phone\">\n<div class=\"et_pb_text_2 et_pb_text et_pb_bg_layout_light et_pb_module et_flex_module\"><div class=\"et_pb_text_inner\"><h6><strong>T\u00edtulo<\/strong><\/h6>\n<h5>T\u00e9cnico\/a Superior en Comunicaci\u00f3n Social. Validez nacional.<\/h5>\n<h6><b>Duraci\u00f3n<\/b><\/h6>\n<h5>3 a\u00f1os.\u00a0<\/h5>\n<h6><b>Modalidad<\/b><\/h6>\n<h5>Presencial.<\/h5>\n<h6><b>Costo<\/b><\/h6>\n<h5>Arancelada (consultar por becas en este mismo sitio).<\/h5>\n<\/div><\/div>\n\n<div class=\"et_pb_menu_0 et_pb_menu et_pb_menu--without-logo et_pb_menu--style-left_aligned et_dropdown_animation_fade et_pb_bg_layout_light et_pb_text_align_right-tablet et_pb_text_align_right-phone et_pb_module et_flex_module\"><div class=\"et_pb_menu_inner_container et_flex_module\"><div class=\"et_pb_menu__wrap\"><div class=\"et_pb_menu__menu\"><nav class=\"et-menu-nav\"><ul id=\"menu-comunicacion\" class=\"et-menu nav downwards\"><li id=\"menu-item-781\" class=\"et_pb_menu_page_id-432 menu-item menu-item-type-post_type menu-item-object-page menu-item-781\"><a href=\"https:\/\/cooperadorapelle.org.ar\/palacio\/index.php\/comu-aulas-y-horarios\/\">Aulas y horarios<\/a><\/li>\n<li id=\"menu-item-782\" class=\"et_pb_menu_page_id-433 menu-item menu-item-type-post_type menu-item-object-page menu-item-782\"><a href=\"https:\/\/cooperadorapelle.org.ar\/palacio\/index.php\/comu-correlatividades\/\">Correlatividades<\/a><\/li>\n<li id=\"menu-item-783\" class=\"et_pb_menu_page_id-434 menu-item menu-item-type-post_type menu-item-object-page menu-item-783\"><a href=\"https:\/\/cooperadorapelle.org.ar\/palacio\/index.php\/comu-incumbencias-profesionales\/\">Incumbencias profesionales<\/a><\/li>\n<li id=\"menu-item-784\" class=\"et_pb_menu_page_id-422 menu-item menu-item-type-post_type menu-item-object-page menu-item-784\"><a href=\"https:\/\/cooperadorapelle.org.ar\/palacio\/index.php\/comu-programa\/\">Comu Programa<\/a><\/li>\n<\/ul><\/nav><\/div><div class=\"et_mobile_nav_menu\"><div class=\"mobile_nav closed\"><span class=\"mobile_menu_bar\"><\/span><\/div><\/div><\/div><\/div><\/div>\n<\/div>\n<\/div>\n<\/div>\n\n<div class=\"et_pb_section_2 et_pb_section et_section_regular et_block_section\"><\/div>","protected":false},"excerpt":{"rendered":"","protected":false},"author":1,"featured_media":0,"parent":0,"menu_order":0,"comment_status":"closed","ping_status":"closed","template":"","meta":{"footnotes":""},"class_list":["post-423","page","type-page","status-publish","hentry"],"_links":{"self":[{"href":"https:\/\/cooperadorapelle.org.ar\/palacio\/index.php\/wp-json\/wp\/v2\/pages\/423","targetHints":{"allow":["GET"]}}],"collection":[{"href":"https:\/\/cooperadorapelle.org.ar\/palacio\/index.php\/wp-json\/wp\/v2\/pages"}],"about":[{"href":"https:\/\/cooperadorapelle.org.ar\/palacio\/index.php\/wp-json\/wp\/v2\/types\/page"}],"author":[{"embeddable":true,"href":"https:\/\/cooperadorapelle.org.ar\/palacio\/index.php\/wp-json\/wp\/v2\/users\/1"}],"replies":[{"embeddable":true,"href":"https:\/\/cooperadorapelle.org.ar\/palacio\/index.php\/wp-json\/wp\/v2\/comments?post=423"}],"version-history":[{"count":7,"href":"https:\/\/cooperadorapelle.org.ar\/palacio\/index.php\/wp-json\/wp\/v2\/pages\/423\/revisions"}],"predecessor-version":[{"id":794,"href":"https:\/\/cooperadorapelle.org.ar\/palacio\/index.php\/wp-json\/wp\/v2\/pages\/423\/revisions\/794"}],"wp:attachment":[{"href":"https:\/\/cooperadorapelle.org.ar\/palacio\/index.php\/wp-json\/wp\/v2\/media?parent=423"}],"curies":[{"name":"wp","href":"https:\/\/api.w.org\/{rel}","templated":true}]}}