{"id":431,"date":"2026-01-30T03:21:53","date_gmt":"2026-01-30T03:21:53","guid":{"rendered":"https:\/\/cooperadorapelle.org.ar\/palacio\/?page_id=431"},"modified":"2026-02-04T18:35:03","modified_gmt":"2026-02-04T18:35:03","slug":"archivista","status":"publish","type":"page","link":"https:\/\/cooperadorapelle.org.ar\/palacio\/index.php\/archivista\/","title":{"rendered":"Archivista"},"content":{"rendered":"<div class=\"et_pb_section_0 et_pb_section et_section_regular et_block_section\">\n<div class=\"et_pb_row_0 et_pb_row et_pb_equal_columns et_pb_gutters3 et_block_row\">\n<div class=\"et_pb_column_0 et_pb_column et_pb_column_1_2 et_block_column et_pb_css_mix_blend_mode_passthrough\">\n<div class=\"et_pb_text_0 et_pb_text et_pb_bg_layout_dark et_pb_module et_block_module\"><div class=\"et_pb_text_inner\"><h1>Tecnicatura en Archiv\u00edstica<\/h1>\n<\/div><\/div>\n<\/div>\n\n<div class=\"et_pb_column_1 et_pb_column et_pb_column_1_2 et-last-child et_block_column et_pb_css_mix_blend_mode_passthrough\">\n<div class=\"et_pb_module et_pb_button_module_wrapper et_pb_button_0_wrapper\"><a class=\"et_pb_button_0 et_pb_button et_pb_bg_layout_light et_pb_module et_block_module\" href=\"\">Inscripci\u00f3n<\/a><\/div>\n<\/div>\n<\/div>\n<\/div>\n\n<div class=\"et_pb_section_1 et_pb_section et_section_regular et_block_section\">\n<div class=\"et_pb_row_1 et_pb_row et_flex_row\">\n<div class=\"et_pb_column_2 et_pb_column et_flex_column et_pb_css_mix_blend_mode_passthrough et_flex_column_18_24 et_flex_column_18_24_tablet et_flex_column_24_24_phone\">\n<div class=\"et_pb_text_1 et_pb_text et_pb_bg_layout_light et_pb_module et_block_module\"><div class=\"et_pb_text_inner\"><p><span style=\"font-weight: 400;\">La Tecnicatura en Archiv\u00edstica aspira a una formaci\u00f3n t\u00e9cnico-profesional sustentada en la adquisici\u00f3n de valores y de un conocimiento acad\u00e9mico, t\u00e9cnico y pr\u00e1ctico actualizado y cient\u00edficamente v\u00e1lido, reflexivo y cr\u00edtico de s\u00ed mismo y de la realidad que lo circunda. Quienes egresen de la Tecnicatura tendr\u00e1n amplio dominio de las teor\u00edas, metodolog\u00edas y t\u00e9cnicas propias de la administraci\u00f3n y de la gesti\u00f3n documental y de las pr\u00e1cticas y las teor\u00edas referidas a la preservaci\u00f3n material de diversos soportes de los documentos de archivo. Aspiramos a una formaci\u00f3n t\u00e9cnico-profesional sustentada en la adquisici\u00f3n de valores y de un conocimiento acad\u00e9mico, t\u00e9cnico y pr\u00e1ctico actualizado y cient\u00edficamente v\u00e1lido, reflexivo y cr\u00edtico de s\u00ed mismo y de la realidad que lo circunda. El\/la egresado\/a de la Tecnicatura tendr\u00e1 amplio dominio de las teor\u00edas, metodolog\u00edas y t\u00e9cnicas propias de la administraci\u00f3n y de la gesti\u00f3n documental y de las pr\u00e1cticas y las teor\u00edas referidas a la preservaci\u00f3n material de diversos soportes de los documentos de archivo. Creemos que la archiv\u00edstica debe dar un giro hacia lo social, constituy\u00e9ndose en una disciplina que promueva la garant\u00eda de derechos, los lazos familiares, la memoria sobre el pasado reciente, as\u00ed como debe responder a las obligaciones de acceso a la informaci\u00f3n. Las complejidades de los archivos en contextos como el latinoamericano deben apuntar a crear programas de formaci\u00f3n y perfiles de acuerdo con las demandas de cada pa\u00eds y de cada regi\u00f3n, consecuentes con los contextos de los archivos.<\/span><\/p>\n<\/div><\/div>\n<\/div>\n\n<div class=\"et_pb_column_3 et_pb_column et-last-child et_flex_column et_pb_css_mix_blend_mode_passthrough et_flex_column_6_24 et_flex_column_6_24_tablet et_flex_column_24_24_phone\">\n<div class=\"et_pb_text_2 et_pb_text et_pb_bg_layout_light et_pb_module et_flex_module\"><div class=\"et_pb_text_inner\"><h6><strong>T\u00edtulo<br \/><\/strong><span style=\"font-size: 14px;\"><br \/>T\u00e9cnico\/a Superior en Archiv\u00edstica y Preservaci\u00f3n Social de Documentos y Archivos.<\/span><\/h6>\n<h6><b>Duraci\u00f3n<br \/><\/b><br \/>3 a\u00f1os.<\/h6>\n<h6><b>Modalidad<br \/><\/b><span style=\"font-size: 14px;\"><br \/>Presencial.<\/span><\/h6>\n<h6><b>Costo<\/b><\/h6>\n<h5>Arancelada.\u00a0<\/h5>\n<h6><b>Inicio de cursada:\u00a0<\/p>\n<p><\/b><b><\/b>Agosto 2026.\u00a0<\/h6>\n<h6><b>\u00a0<\/b><\/h6>\n<h5><\/h5>\n<\/div><\/div>\n\n<div class=\"et_pb_menu_0 et_pb_menu et_pb_menu--without-logo et_pb_menu--style-left_aligned et_dropdown_animation_fade et_pb_bg_layout_light et_pb_text_align_right-tablet et_pb_text_align_right-phone et_pb_module et_flex_module\"><div class=\"et_pb_menu_inner_container et_flex_module\"><div class=\"et_pb_menu__wrap\"><div class=\"et_pb_menu__menu\"><nav class=\"et-menu-nav\"><ul id=\"menu-menu-principal\" class=\"et-menu nav downwards\"><li id=\"menu-item-681\" class=\"et_pb_menu_page_id-home menu-item menu-item-type-post_type menu-item-object-page menu-item-home menu-item-681\"><a href=\"https:\/\/cooperadorapelle.org.ar\/palacio\/\">Inicio<\/a><\/li>\n<li id=\"menu-item-439\" class=\"et_pb_menu_page_id-371 menu-item menu-item-type-post_type menu-item-object-page menu-item-439\"><a href=\"https:\/\/cooperadorapelle.org.ar\/palacio\/index.php\/institucional\/\">Qui\u00e9nes somos<\/a><\/li>\n<li id=\"menu-item-440\" class=\"et_pb_menu_page_id-380 menu-item menu-item-type-post_type menu-item-object-page menu-item-has-children menu-item-440\"><a href=\"https:\/\/cooperadorapelle.org.ar\/palacio\/index.php\/carreras\/\">Carreras<\/a>\n<ul class=\"sub-menu\">\n\t<li id=\"menu-item-441\" class=\"et_pb_menu_page_id-388 menu-item menu-item-type-post_type menu-item-object-page menu-item-441\"><a href=\"https:\/\/cooperadorapelle.org.ar\/palacio\/index.php\/historia\/\">Profesorado de Historia<\/a><\/li>\n\t<li id=\"menu-item-464\" class=\"et_pb_menu_page_id-417 menu-item menu-item-type-post_type menu-item-object-page menu-item-464\"><a href=\"https:\/\/cooperadorapelle.org.ar\/palacio\/index.php\/geografia\/\">Profesorado de Geograf\u00eda<\/a><\/li>\n\t<li id=\"menu-item-459\" class=\"et_pb_menu_page_id-423 menu-item menu-item-type-post_type menu-item-object-page menu-item-459\"><a href=\"https:\/\/cooperadorapelle.org.ar\/palacio\/index.php\/comu\/\">Tecnicatura en Comunicaci\u00f3n<\/a><\/li>\n\t<li id=\"menu-item-454\" class=\"et_pb_menu_page_id-431 menu-item menu-item-type-post_type menu-item-object-page menu-item-454\"><a href=\"https:\/\/cooperadorapelle.org.ar\/palacio\/index.php\/archivista\/\">Tecnicatura en Archiv\u00edstica<\/a><\/li>\n\t<li id=\"menu-item-806\" class=\"et_pb_menu_page_id-804 menu-item menu-item-type-post_type menu-item-object-page menu-item-806\"><a href=\"https:\/\/cooperadorapelle.org.ar\/palacio\/index.php\/carreras\/cursos-a-distancia\/\">Cursos a distancia<\/a><\/li>\n<\/ul>\n<\/li>\n<li id=\"menu-item-479\" class=\"et_pb_menu_page_id-473 menu-item menu-item-type-post_type menu-item-object-page menu-item-479\"><a href=\"https:\/\/cooperadorapelle.org.ar\/palacio\/index.php\/agenda\/\">Agenda<\/a><\/li>\n<li id=\"menu-item-680\" class=\"et_pb_menu_page_id-503 menu-item menu-item-type-post_type menu-item-object-page menu-item-680\"><a href=\"https:\/\/cooperadorapelle.org.ar\/palacio\/index.php\/cooperadora\/\">Cooperadora<\/a><\/li>\n<\/ul><\/nav><\/div><div class=\"et_mobile_nav_menu\"><div class=\"mobile_nav closed\"><span class=\"mobile_menu_bar\"><\/span><\/div><\/div><\/div><\/div><\/div>\n<\/div>\n<\/div>\n<\/div>\n\n<div class=\"et_pb_section_2 et_pb_section et_section_regular et_block_section\"><\/div>","protected":false},"excerpt":{"rendered":"","protected":false},"author":1,"featured_media":0,"parent":0,"menu_order":0,"comment_status":"closed","ping_status":"closed","template":"","meta":{"footnotes":""},"class_list":["post-431","page","type-page","status-publish","hentry"],"_links":{"self":[{"href":"https:\/\/cooperadorapelle.org.ar\/palacio\/index.php\/wp-json\/wp\/v2\/pages\/431","targetHints":{"allow":["GET"]}}],"collection":[{"href":"https:\/\/cooperadorapelle.org.ar\/palacio\/index.php\/wp-json\/wp\/v2\/pages"}],"about":[{"href":"https:\/\/cooperadorapelle.org.ar\/palacio\/index.php\/wp-json\/wp\/v2\/types\/page"}],"author":[{"embeddable":true,"href":"https:\/\/cooperadorapelle.org.ar\/palacio\/index.php\/wp-json\/wp\/v2\/users\/1"}],"replies":[{"embeddable":true,"href":"https:\/\/cooperadorapelle.org.ar\/palacio\/index.php\/wp-json\/wp\/v2\/comments?post=431"}],"version-history":[{"count":7,"href":"https:\/\/cooperadorapelle.org.ar\/palacio\/index.php\/wp-json\/wp\/v2\/pages\/431\/revisions"}],"predecessor-version":[{"id":803,"href":"https:\/\/cooperadorapelle.org.ar\/palacio\/index.php\/wp-json\/wp\/v2\/pages\/431\/revisions\/803"}],"wp:attachment":[{"href":"https:\/\/cooperadorapelle.org.ar\/palacio\/index.php\/wp-json\/wp\/v2\/media?parent=431"}],"curies":[{"name":"wp","href":"https:\/\/api.w.org\/{rel}","templated":true}]}}